{"id":830,"date":"2026-03-04T18:16:45","date_gmt":"2026-03-04T18:16:45","guid":{"rendered":"https:\/\/2deabril.ligautismo.org\/?page_id=830"},"modified":"2026-03-04T18:16:45","modified_gmt":"2026-03-04T18:16:45","slug":"pagina-ejemplo-copy","status":"publish","type":"page","link":"https:\/\/2deabril.ligautismo.org\/en\/pagina-ejemplo-copy\/","title":{"rendered":"D\u00eda mundial de concienciaci\u00f3n sobre el autismo 2025"},"content":{"rendered":"<img loading=\"lazy\" decoding=\"async\" src=\"https:\/\/2deabril.ligautismo.org\/wp-content\/uploads\/2021\/03\/PHOTO-2024-12-12-11-39-35-1.jpg\" alt=\"PHOTO-2024-12-12-11-39-35\" itemprop=\"image\" height=\"898\" width=\"1600\" title=\"PHOTO-2024-12-12-11-39-35\" onerror=\"this.style.display='none'\"  \/>\r\n\t<a class='flotante' href='https:\/\/ligautismo.org\/donaciones\/'><img src='https:\/\/ligautismo.sfo2.digitaloceanspaces.com\/iconos\/Grupo-12.png' border=\"0\"\/><\/a>\r\n<h2>\r\n\t\tOn April 2 it was declared by the UN (A\/RES\/62\/139) According to resolution 62\/139 of December 18\/2007.\r\n\t<\/h2>\r\n<h2>\r\n\t\tAccording to the WHO, 1 in every 100 children in the world has Autism\r\n\t<\/h2>\r\n<h2>\r\n\t\tIn Colombia there are no statistics.\r\n\t<\/h2>\r\n<h2>\r\n\t\tASI CONMEMORAMOS EL DIA MUNDIAL DE LA CONCIENCIACI\u00d3N SOBRE EL AUTISMO 2025\r\n\t<\/h2>\r\n\t<p>El autismo no es una limitaci\u00f3n, sino una forma diferente de percibir el mundo. A menudo, las personas autistas nos muestran soluciones y perspectivas \u00fanicas que enriquecen nuestras vidas. Queremos celebrar la diversidad de pensamiento y promover la inclusi\u00f3n, mostrando c\u00f3mo el autismo puede ser una fuente de inspiraci\u00f3n y aprendizaje<\/p>\r\n<p>Todos hemos escuchado la frase \u00abpiensa fuera de la caja\u00bb, \u00bfverdad? Las personas con autismo nos ense\u00f1an a hacerlo cada d\u00eda. Su creatividad y forma singular de ver la vida nos inspiran a encontrar soluciones innovadoras y a valorar la belleza de la diversidad.<\/p>\r\n<p><strong>Nuestra Campa\u00f1a<\/strong><\/p>\r\n\t<meta itemprop=\"url\" content=\"https:\/\/2deabril.ligautismo.org\/wp-content\/uploads\/2025\/04\/Video-campana.mp4\" \/><div style=\"width: 640px;\" class=\"wp-video\"><!--[if lt IE 9]><script>document.createElement('video');<\/script><![endif]-->\n<video class=\"wp-video-shortcode\" id=\"video-830-1\" width=\"640\" height=\"360\" poster=\"https:\/\/2deabril.ligautismo.org\/wp-content\/uploads\/2025\/04\/Portada-Pagina-Web-100.jpg\" preload=\"none\" controls=\"controls\"><source type=\"video\/mp4\" src=\"https:\/\/2deabril.ligautismo.org\/wp-content\/uploads\/2025\/04\/Video-campana.mp4?_=1\" \/><a href=\"https:\/\/2deabril.ligautismo.org\/wp-content\/uploads\/2025\/04\/Video-campana.mp4\">https:\/\/2deabril.ligautismo.org\/wp-content\/uploads\/2025\/04\/Video-campana.mp4<\/a><\/video><\/div>\r\n\t<p>S\u00famate a la conversaci\u00f3n y cu\u00e9ntanos c\u00f3mo una persona autista te ha ense\u00f1ado a ver el mundo desde una nueva perspectiva. \u00a1Queremos escuchar tus historias!<\/p>\r\n<p>&nbsp;<\/p>\r\n<p>\ud83d\udd17 S\u00edguenos en nuestras redes sociales y comparte tu experiencia:<\/p>","protected":false},"excerpt":{"rendered":"<p>El 2 de abril fue declarado por la ONU (A\/RES\/62\/139) Seg\u00fan resoluci\u00f3n 62\/139 de diciembre 18\/2007. Seg\u00fan la OMS 1 de cada 100 ni\u00f1os en el mundo tiene Autismo En Colombia no hay estad\u00edsticas. ASI CONMEMORAMOS EL DIA MUNDIAL DE LA CONCIENCIACI\u00d3N SOBRE EL AUTISMO 2025 El autismo no es una limitaci\u00f3n, sino una forma&hellip;<\/p>","protected":false},"author":1,"featured_media":0,"parent":0,"menu_order":0,"comment_status":"closed","ping_status":"closed","template":"","meta":{"footnotes":""},"class_list":["post-830","page","type-page","status-publish","hentry"],"_hostinger_reach_plugin_has_subscription_block":false,"_hostinger_reach_plugin_is_elementor":false,"_links":{"self":[{"href":"https:\/\/2deabril.ligautismo.org\/en\/wp-json\/wp\/v2\/pages\/830","targetHints":{"allow":["GET"]}}],"collection":[{"href":"https:\/\/2deabril.ligautismo.org\/en\/wp-json\/wp\/v2\/pages"}],"about":[{"href":"https:\/\/2deabril.ligautismo.org\/en\/wp-json\/wp\/v2\/types\/page"}],"author":[{"embeddable":true,"href":"https:\/\/2deabril.ligautismo.org\/en\/wp-json\/wp\/v2\/users\/1"}],"replies":[{"embeddable":true,"href":"https:\/\/2deabril.ligautismo.org\/en\/wp-json\/wp\/v2\/comments?post=830"}],"version-history":[{"count":1,"href":"https:\/\/2deabril.ligautismo.org\/en\/wp-json\/wp\/v2\/pages\/830\/revisions"}],"predecessor-version":[{"id":831,"href":"https:\/\/2deabril.ligautismo.org\/en\/wp-json\/wp\/v2\/pages\/830\/revisions\/831"}],"wp:attachment":[{"href":"https:\/\/2deabril.ligautismo.org\/en\/wp-json\/wp\/v2\/media?parent=830"}],"curies":[{"name":"wp","href":"https:\/\/api.w.org\/{rel}","templated":true}]}}