{"id":596,"date":"2024-04-18T20:46:38","date_gmt":"2024-04-18T20:46:38","guid":{"rendered":"https:\/\/2deabril.ligautismo.org\/?page_id=596"},"modified":"2024-04-19T13:50:22","modified_gmt":"2024-04-19T13:50:22","slug":"gracias-por-tu-asistencia","status":"publish","type":"page","link":"https:\/\/2deabril.ligautismo.org\/en\/gracias-por-tu-asistencia\/","title":{"rendered":"Gracias por tu asistencia"},"content":{"rendered":"<img loading=\"lazy\" decoding=\"async\" src=\"https:\/\/2deabril.ligautismo.org\/wp-content\/uploads\/2024\/03\/Abril-28-y29.png\" alt=\"Abril 28 y29\" itemprop=\"image\" height=\"924\" width=\"1640\" title=\"Abril 28 y29\" onerror=\"this.style.display='none'\"  \/>\n\t<p>\u00a1Gracias por tu compra del ticket y por tu participaci\u00f3n en la Feria de Emprendimiento LICA!<\/p>\n<p>Estamos emocionados de que te unas a nosotros en este evento tan especial y estamos ansiosos por compartir contigo una experiencia incre\u00edble llena de aprendizaje, inspiraci\u00f3n y oportunidades.<\/p>\n<p>Queremos asegurarnos de que tengas una experiencia sin problemas el d\u00eda del evento, por lo que pronto recibir\u00e1s un correo electr\u00f3nico con tu ticket adjunto. Este ticket contiene un c\u00f3digo QR \u00fanico que te permitir\u00e1 acceder a la actividad de manera r\u00e1pida y segura.<\/p>\n<p>Por favor, revisa tu bandeja de entrada en los pr\u00f3ximos d\u00edas y aseg\u00farate de tener tu ticket a mano el d\u00eda del evento. Si tienes alguna pregunta o necesitas ayuda adicional, no dudes en ponerte en contacto con nosotros.<\/p>\n<p>\u00a1Estamos ansiosos por verte en la Feria de Emprendimiento LICA y compartir juntos esta emocionante jornada!<\/p>\n<p>Atentamente,<\/p>\n<p><strong>Equipo LICA<\/strong><\/p>","protected":false},"excerpt":{"rendered":"<p>\u00a1Gracias por tu compra del ticket y por tu participaci\u00f3n en la Feria de Emprendimiento LICA! Estamos emocionados de que te unas a nosotros en este evento tan especial y estamos ansiosos por compartir contigo una experiencia incre\u00edble llena de aprendizaje, inspiraci\u00f3n y oportunidades. Queremos asegurarnos de que tengas una experiencia sin problemas el d\u00eda&hellip;<\/p>","protected":false},"author":1,"featured_media":0,"parent":0,"menu_order":0,"comment_status":"closed","ping_status":"closed","template":"","meta":{"footnotes":""},"class_list":["post-596","page","type-page","status-publish","hentry"],"_hostinger_reach_plugin_has_subscription_block":false,"_hostinger_reach_plugin_is_elementor":false,"_links":{"self":[{"href":"https:\/\/2deabril.ligautismo.org\/en\/wp-json\/wp\/v2\/pages\/596","targetHints":{"allow":["GET"]}}],"collection":[{"href":"https:\/\/2deabril.ligautismo.org\/en\/wp-json\/wp\/v2\/pages"}],"about":[{"href":"https:\/\/2deabril.ligautismo.org\/en\/wp-json\/wp\/v2\/types\/page"}],"author":[{"embeddable":true,"href":"https:\/\/2deabril.ligautismo.org\/en\/wp-json\/wp\/v2\/users\/1"}],"replies":[{"embeddable":true,"href":"https:\/\/2deabril.ligautismo.org\/en\/wp-json\/wp\/v2\/comments?post=596"}],"version-history":[{"count":7,"href":"https:\/\/2deabril.ligautismo.org\/en\/wp-json\/wp\/v2\/pages\/596\/revisions"}],"predecessor-version":[{"id":614,"href":"https:\/\/2deabril.ligautismo.org\/en\/wp-json\/wp\/v2\/pages\/596\/revisions\/614"}],"wp:attachment":[{"href":"https:\/\/2deabril.ligautismo.org\/en\/wp-json\/wp\/v2\/media?parent=596"}],"curies":[{"name":"wp","href":"https:\/\/api.w.org\/{rel}","templated":true}]}}