{"id":504,"date":"2021-03-25T23:19:46","date_gmt":"2021-03-25T23:19:46","guid":{"rendered":"https:\/\/2deabril.ligautismo.org\/?page_id=2"},"modified":"2024-04-01T17:03:51","modified_gmt":"2024-04-01T17:03:51","slug":"pagina-ejemplo-2","status":"publish","type":"page","link":"https:\/\/2deabril.ligautismo.org\/en\/pagina-ejemplo-2\/","title":{"rendered":"D\u00eda mundial de concienciaci\u00f3n sobre el autismo &#8211; Espa\u00f1ol"},"content":{"rendered":"[rev_slider alias=\u00bblica\u00bb][\/rev_slider]\n\t<a class='flotante' href='https:\/\/ligautismo.org\/donaciones\/'><img src='https:\/\/ligautismo.sfo2.digitaloceanspaces.com\/iconos\/Grupo-12.png' border=\"0\"\/><\/a>\n<h2>\n\t\tOn April 2 it was declared by the UN (A\/RES\/62\/139) According to resolution 62\/139 of December 18\/2007.\n\t<\/h2>\n<h2>\n\t\tAccording to the WHO, 1 in every 100 children in the world has Autism\n\t<\/h2>\n<h2>\n\t\tIn Colombia there are no statistics.\n\t<\/h2>\n\t\t\t\t<a href=\"https:\/\/2deabril.ligautismo.org\/en\/2-de-abril-2024\/\" target=\"_self\" itemprop=\"url\" rel=\"noopener\">\n\t\t\t\t<img decoding=\"async\" src=\"https:\/\/2deabril.ligautismo.org\/wp-content\/uploads\/2024\/04\/PHOTO-2024-04-01-08-43-53-2.jpg\" alt=\"PHOTO-2024-04-01-08-43-53 2\" itemprop=\"image\" title=\"PHOTO-2024-04-01-08-43-53 2\" onerror=\"this.style.display='none'\"  \/>\n\t\t\t\t<\/a>\n\t<p>This year we highlight the intervention of Luz Marina M\u00e9ndez Garc\u00eda, co-founder of our organization, at the inaugural 2024 session of the UN Committee on the Rights of Persons with Disabilities (CRPD), in Geneva (Switzerland) and at the Congress of the Republic of Colombia on April 2.\u00a0<\/p>\n\n<p>In 2024, within the framework of World Autism Awareness Day, we have directed our virtual campaign to tell the #QueNoEsAutismo community, this is because we continue to show that myths, misinformation and wrong images negatively influence participation. of this group in different environments, which leads to their exclusion and the non-recognition of the adjustments and support that they may need.<\/p>","protected":false},"excerpt":{"rendered":"<p>[rev_slider alias=\u00bblica\u00bb][\/rev_slider] El 2 de abril fue declarado por la ONU (A\/RES\/62\/139) Seg\u00fan resoluci\u00f3n 62\/139 de diciembre 18\/2007. Seg\u00fan la OMS 1 de cada 100 ni\u00f1os en el mundo tiene Autismo En Colombia no hay estad\u00edsticas. Este a\u00f1o destacamos la intervenci\u00f3n de Luz Marina M\u00e9ndez Garc\u00eda, cofundadora de nuestra organizaci\u00f3n, en la sesi\u00f3n inaugural a\u00f1o&hellip;<\/p>","protected":false},"author":1,"featured_media":0,"parent":0,"menu_order":0,"comment_status":"closed","ping_status":"closed","template":"","meta":{"footnotes":""},"class_list":["post-504","page","type-page","status-publish","hentry"],"_hostinger_reach_plugin_has_subscription_block":false,"_hostinger_reach_plugin_is_elementor":false,"_links":{"self":[{"href":"https:\/\/2deabril.ligautismo.org\/en\/wp-json\/wp\/v2\/pages\/504","targetHints":{"allow":["GET"]}}],"collection":[{"href":"https:\/\/2deabril.ligautismo.org\/en\/wp-json\/wp\/v2\/pages"}],"about":[{"href":"https:\/\/2deabril.ligautismo.org\/en\/wp-json\/wp\/v2\/types\/page"}],"author":[{"embeddable":true,"href":"https:\/\/2deabril.ligautismo.org\/en\/wp-json\/wp\/v2\/users\/1"}],"replies":[{"embeddable":true,"href":"https:\/\/2deabril.ligautismo.org\/en\/wp-json\/wp\/v2\/comments?post=504"}],"version-history":[{"count":0,"href":"https:\/\/2deabril.ligautismo.org\/en\/wp-json\/wp\/v2\/pages\/504\/revisions"}],"wp:attachment":[{"href":"https:\/\/2deabril.ligautismo.org\/en\/wp-json\/wp\/v2\/media?parent=504"}],"curies":[{"name":"wp","href":"https:\/\/api.w.org\/{rel}","templated":true}]}}