{"id":2,"date":"2021-03-25T23:19:46","date_gmt":"2021-03-25T23:19:46","guid":{"rendered":"https:\/\/2deabril.ligautismo.org\/?page_id=2"},"modified":"2026-03-04T18:40:11","modified_gmt":"2026-03-04T18:40:11","slug":"pagina-ejemplo","status":"publish","type":"page","link":"https:\/\/2deabril.ligautismo.org\/en\/","title":{"rendered":"World Autism Awareness Day"},"content":{"rendered":"<img loading=\"lazy\" decoding=\"async\" src=\"https:\/\/2deabril.ligautismo.org\/wp-content\/uploads\/2021\/03\/Portada-Pagina-Web-100.jpg\" alt=\"Portada Pagina Web-100\" itemprop=\"image\" height=\"900\" width=\"1900\" title=\"Cover Web Page-100\" onerror=\"this.style.display='none'\"  \/>\n\t<a class='flotante' href='https:\/\/ligautismo.org\/donaciones\/'><img src='https:\/\/ligautismo.sfo2.digitaloceanspaces.com\/iconos\/Grupo-12.png' border=\"0\"\/><\/a>\n<h2>\n\t\tConvocatoria Nacional &#8211; D\u00eda Mundial del Autismo 2026\n\t<\/h2>\n<h2>\n\t\tM\u00e1s all\u00e1 del D\u00eda Mundial del Autismo: Nuestras acciones por la inclusi\u00f3n\n\t<\/h2>\n\tEste a\u00f1o, la <strong>Liga Colombiana de Autismo (LICA)<\/strong> quiere que el 2 de abril se pinte con tus palabras y tus ideas. Queremos mostrar al pa\u00eds que el autismo no es una tragedia que curar, ni un superpoder que idealizar; es una forma de ser y estar en el mundo con<br \/>\nderechos y voz propia.\n<p>Por eso, este a\u00f1o no dise\u00f1amos una campa\u00f1a para ustedes, sino <strong>CON<\/strong> ustedes.<\/p>\n<p><strong>\u00bfDe qu\u00e9 se trata?<\/strong> Invitamos a personas autistas y sus familias en toda Colombia a proponer la frase y la imagen que representar\u00e1n nuestra campa\u00f1a nacional este a\u00f1o.<\/p>\n<p>Queremos mostrarle al pa\u00eds que el autismo es una identidad con derechos, autonom\u00eda y dignidad.<\/p>\n\t<p><strong>Pilares de nuestra voz:<\/strong><\/p>\n<ul>\n<li><strong>Lo que soy<\/strong>: Sujetos de derechos y ciudadanos plenos.<\/li>\n<li><strong>Lo que conoces<\/strong>: Informaci\u00f3n real para derribar barreras.<\/li>\n<li><strong>Dignidad Humana<\/strong>: Ni enfermos que curar, ni genios que idealizar.<\/li>\n<li><strong>Familia Facilitadora<\/strong>: El soporte que garantiza derechos sin victimizaci\u00f3n.<\/li>\n<\/ul>\n<p><strong>\u00a1Un premio para volar alto!<\/strong> \u2708\ufe0f Gracias a nuestra alianza con LATAM Airlines, el autor de la propuesta ganadora recibir\u00e1:<\/p>\n<ul>\n<li>Dos (2) tiquetes a\u00e9reos (ida y regreso) para cualquier destino nacional.<\/li>\n<li><strong>Reconocimiento oficial:<\/strong> Tu idea ser\u00e1 la imagen de LICA en todas las piezas de la campa\u00f1a nacional 2026.<\/li>\n<\/ul>\n\t<p><strong>Cronograma:<\/strong><\/p>\n<ul>\n<li><strong>Apertura<\/strong>: 1 al 14 de marzo.<\/li>\n<li><strong>Cierre de recepci\u00f3n<\/strong>: 15 de marzo.<\/li>\n<li><strong>Lanzamiento de campa\u00f1a<\/strong>: 30 de marzo.<\/li>\n<\/ul>\n\t\t<h3>\u00a1Participa aqu\u00ed y env\u00eda tu propuesta!<\/h3>\n\t\t\t<a href=\"https:\/\/docs.google.com\/forms\/d\/e\/1FAIpQLSfzey4OXKSy6dz6XFTMpsQfaDqDaeWgBpixnTlgZOB_ToXX1w\/viewform\" target=\"_blank\" rel=\"noopener\">\n\t\t\t\t\t\tHaz clic aqu\u00ed\n\t\t\t\t\t<\/a>","protected":false},"excerpt":{"rendered":"<p>Convocatoria Nacional &#8211; D\u00eda Mundial del Autismo 2026 M\u00e1s all\u00e1 del D\u00eda Mundial del Autismo: Nuestras acciones por la inclusi\u00f3n Este a\u00f1o, la Liga Colombiana de Autismo (LICA) quiere que el 2 de abril se pinte con tus palabras y tus ideas. Queremos mostrar al pa\u00eds que el autismo no es una tragedia que curar,&hellip;<\/p>","protected":false},"author":1,"featured_media":0,"parent":0,"menu_order":0,"comment_status":"closed","ping_status":"closed","template":"","meta":{"footnotes":""},"class_list":["post-2","page","type-page","status-publish","hentry"],"_hostinger_reach_plugin_has_subscription_block":false,"_hostinger_reach_plugin_is_elementor":false,"_links":{"self":[{"href":"https:\/\/2deabril.ligautismo.org\/en\/wp-json\/wp\/v2\/pages\/2","targetHints":{"allow":["GET"]}}],"collection":[{"href":"https:\/\/2deabril.ligautismo.org\/en\/wp-json\/wp\/v2\/pages"}],"about":[{"href":"https:\/\/2deabril.ligautismo.org\/en\/wp-json\/wp\/v2\/types\/page"}],"author":[{"embeddable":true,"href":"https:\/\/2deabril.ligautismo.org\/en\/wp-json\/wp\/v2\/users\/1"}],"replies":[{"embeddable":true,"href":"https:\/\/2deabril.ligautismo.org\/en\/wp-json\/wp\/v2\/comments?post=2"}],"version-history":[{"count":64,"href":"https:\/\/2deabril.ligautismo.org\/en\/wp-json\/wp\/v2\/pages\/2\/revisions"}],"predecessor-version":[{"id":843,"href":"https:\/\/2deabril.ligautismo.org\/en\/wp-json\/wp\/v2\/pages\/2\/revisions\/843"}],"wp:attachment":[{"href":"https:\/\/2deabril.ligautismo.org\/en\/wp-json\/wp\/v2\/media?parent=2"}],"curies":[{"name":"wp","href":"https:\/\/api.w.org\/{rel}","templated":true}]}}