{"id":142,"date":"2021-03-26T15:46:01","date_gmt":"2021-03-26T15:46:01","guid":{"rendered":"https:\/\/2deabril.ligautismo.org\/?page_id=142"},"modified":"2024-09-04T21:19:51","modified_gmt":"2024-09-04T21:19:51","slug":"emprendimientos","status":"publish","type":"page","link":"https:\/\/2deabril.ligautismo.org\/en\/emprendimientos\/","title":{"rendered":"Entrepreneurship"},"content":{"rendered":"<img loading=\"lazy\" decoding=\"async\" src=\"https:\/\/2deabril.ligautismo.org\/wp-content\/uploads\/2024\/09\/WhatsApp-Image-2024-09-04-at-16.11.30.jpeg\" alt=\"WhatsApp Image 2024-09-04 at 16.11.30\" itemprop=\"image\" height=\"757\" width=\"1600\" title=\"WhatsApp Image 2024-09-04 at 16.11.30\" onerror=\"this.style.display='none'\"  \/>\n\t<a class='flotante' href='https:\/\/ligautismo.org\/donaciones\/'><img src='https:\/\/ligautismo.sfo2.digitaloceanspaces.com\/iconos\/Grupo-12.png' border=\"0\"\/><\/a>\n<h2>\n\t\tEntrepreneurship\n\t<\/h2>\n\t\t\t\t<a href=\"https:\/\/2deabril.ligautismo.org\/wp-content\/uploads\/2024\/03\/Juan-Francisco.png\" target=\"_self\" itemprop=\"url\" rel=\"noopener\">\n\t\t\t\t<img loading=\"lazy\" decoding=\"async\" src=\"https:\/\/2deabril.ligautismo.org\/wp-content\/uploads\/2024\/03\/Juan-Francisco.png\" alt=\"Juan Francisco\" itemprop=\"image\" height=\"1080\" width=\"1080\" title=\"Juan Francisco\" onerror=\"this.style.display='none'\"  \/>\n\t\t\t\t<\/a>\n\t\t\t\t<a href=\"https:\/\/2deabril.ligautismo.org\/wp-content\/uploads\/2024\/03\/Mariana.png\" target=\"_self\" itemprop=\"url\" rel=\"noopener\">\n\t\t\t\t<img loading=\"lazy\" decoding=\"async\" src=\"https:\/\/2deabril.ligautismo.org\/wp-content\/uploads\/2024\/03\/Mariana.png\" alt=\"Mariana\" itemprop=\"image\" height=\"1080\" width=\"1080\" title=\"Mariana\" onerror=\"this.style.display='none'\"  \/>\n\t\t\t\t<\/a>\n\t<p><strong>This is a space dedicated to promoting the ventures of people with autism and their families.<\/strong><\/p>\n<p><b>Do you have a business that you would like to share at the LICA fair? This is your chance!<\/b><\/p>\n\t<p>Durante los meses de marzo y abril, nos dimos a la tarea de organizar la primera Edici\u00f3n de la feria de emprendimiento, la cual realizamos los d\u00edas 27 y 28 abril. Durante dos d\u00edas, de 10:00 a.m. a 4:00 p.m., reunimos a 15 emprendedores, organizaciones aliadas y personas interesadas en conocer este espacio dedicado a celebrar la diversidad y la innovaci\u00f3n. En la feria se encontraron diversidad de productos como pinturas, gastronom\u00eda, bisuter\u00eda, y moda. Fue importante contar en este espacio con la presencia de funcionarios de Pacto de productividad, Johnson &amp; Johnson, y entre otros, quienes se unieron a la feria para hacer de este evento una experiencia verdaderamente enriquecedora.\u00bb<\/p>\n<p>Expresamos nuestro agradecimiento a los voluntarios de la Fundaci\u00f3n Telef\u00f3nica Movistar, quienes brindaron su apoyo en la feria. Su compromiso fue valioso para garantizar la promoci\u00f3n del talento de los emprendedores.<\/p>\n<p>Esperamos seguir compartiendo estas experiencias por medio espacios que contribuyen a la visibilizaci\u00f3n de personas con autismo y sus familias. Adem\u00e1s, es importante saber que, para algunos de los emprendedores, estos proyectos representan su primera fuente de ingreso, lo que les permite no solo realizar un impacto positivo en la comunidad, sino tambi\u00e9n garantizar su sustento y desarrollo personal.<\/p>\n<p>Compartimos algunas opiniones de los emprendedores:<\/p>\n<p>\u00abMuy satisfecho al ver el resultado de tanto esfuerzo y dedicaci\u00f3n. M\u00e1s all\u00e1 de exhibir mi proyecto, tuve una gran ventana de aprendizaje personal donde cada interacci\u00f3n fue una oportunidad de crecimiento. Conocer a otros emprendedores, escuchar sus historias y compartir las m\u00edas, me hizo sentir el poder en la construcci\u00f3n de comunidad. Me siento inspirado y motivado para seguir adelante con mi proyecto, sabiendo que no estoy solo en este camino. Gracias a todos los que hicieron de esta feria un evento inolvidable. \u00a1El esp\u00edritu emprendedor sigue vivo y vibrante!<\/p>\n<p>Rembrandt Designs-Aduar David Salas \u00c1vila<\/p>\n<p>\u00abAgradezco a la liga por el espacio y la oportunidad que nos dieron de dar a conocer nuestro emprendimiento como familia que vive el autismo.<\/p>\n<p>Fue un espacio en el cual no s\u00f3lo logramos generar ventas, sino que tambi\u00e9n conocimos y compartimos con familias cuyas experiencias de vida nos permiten conocer m\u00e1s sobre lo amplio que es el autismo. Nuevamente gracias por la oportunidad y esperamos poder seguir en contacto con ustedes.\u00bb<\/p>\n<p>Late_choco_late18 -Diana Carolina Cruz Rodr\u00edguez<\/p>\n<p>\u00abQuiero agradecerles por la organizaci\u00f3n de la feria, lo que m\u00e1s me gust\u00f3 fue el compartir experiencias con otras mam\u00e1s y que pude conversar con tres j\u00f3venes del rango de la edad de Joseph, quienes me dejaron tranquilidad con el futuro de mi hijo. Fue un gran espacio para disfrutar y conocer los emprendimientos de personas que deseamos salir adelante y que nuestros hijos triunfen en los que les gusta hacer. Deseando que se repita nuevamente est\u00e1 oportunidad.\u00bb<\/p>\n<p>@marcelabpasteleria-Marcela Berm\u00fadez<\/p>\n\t<p>We do not have any commercial relationship, nor do we charge any value for the dissemination of the ventures. We are not responsible for the products and services offered here.<\/p>","protected":false},"excerpt":{"rendered":"<p>Emprendimientos Este es un espacio dedicado a promover los emprendimientos de personas con autismo y sus familias. \u00bfTienes un emprendimiento que te gustar\u00eda compartir en la feria LICA? \u00a1Esta es tu oportunidad! Durante los meses de marzo y abril, nos dimos a la tarea de organizar la primera Edici\u00f3n de la feria de emprendimiento, la&hellip;<\/p>","protected":false},"author":1,"featured_media":0,"parent":0,"menu_order":0,"comment_status":"closed","ping_status":"open","template":"","meta":{"footnotes":""},"class_list":["post-142","page","type-page","status-publish","hentry"],"_hostinger_reach_plugin_has_subscription_block":false,"_hostinger_reach_plugin_is_elementor":false,"_links":{"self":[{"href":"https:\/\/2deabril.ligautismo.org\/en\/wp-json\/wp\/v2\/pages\/142","targetHints":{"allow":["GET"]}}],"collection":[{"href":"https:\/\/2deabril.ligautismo.org\/en\/wp-json\/wp\/v2\/pages"}],"about":[{"href":"https:\/\/2deabril.ligautismo.org\/en\/wp-json\/wp\/v2\/types\/page"}],"author":[{"embeddable":true,"href":"https:\/\/2deabril.ligautismo.org\/en\/wp-json\/wp\/v2\/users\/1"}],"replies":[{"embeddable":true,"href":"https:\/\/2deabril.ligautismo.org\/en\/wp-json\/wp\/v2\/comments?post=142"}],"version-history":[{"count":33,"href":"https:\/\/2deabril.ligautismo.org\/en\/wp-json\/wp\/v2\/pages\/142\/revisions"}],"predecessor-version":[{"id":765,"href":"https:\/\/2deabril.ligautismo.org\/en\/wp-json\/wp\/v2\/pages\/142\/revisions\/765"}],"wp:attachment":[{"href":"https:\/\/2deabril.ligautismo.org\/en\/wp-json\/wp\/v2\/media?parent=142"}],"curies":[{"name":"wp","href":"https:\/\/api.w.org\/{rel}","templated":true}]}}